{"id":1317,"date":"2015-10-13T14:59:47","date_gmt":"2015-10-13T12:59:47","guid":{"rendered":"http:\/\/www.israelis-und-deutsche.de\/?page_id=1212"},"modified":"2015-10-19T12:23:38","modified_gmt":"2015-10-19T10:23:38","slug":"interviews","status":"publish","type":"page","link":"http:\/\/www.israelis-und-deutsche.de\/en\/interviews\/","title":{"rendered":"Interviews"},"content":{"rendered":"<h4>Eigens f\u00fcr die Ausstellung wurden in Deutschland und Israel 12 Video-Interviews mit Br\u00fcckenbauern gef\u00fchrt, die sich auf besondere Weise f\u00fcr die deutsch-israelischen Beziehungen eingesetzt haben. Sie sprechen verbindende und trennenden Elemente im Verh\u00e4ltnis an. Zu Wort kommen der Komponist Gilad Hochman, die Journalisten Doreen Mildner und Carsten Hueck, die Schauspielerin Sara von Schwarze, der Dramaturg Joshua Sobol, die Schriftsteller Chaim Noll und Nava Semel, die Historikerin Tally Gur, der Politiker Dr. Hans-Jochen Vogel und der Friedensaktivist Uri Avnery, der DJ Dan Yoel sowie die beiden Expertinnen f\u00fcr den Jugendaustausch zwischen Deutschland und Israel Christine M\u00e4hler und Avital Ben-Chorin.<\/h4>\n<p class=\"p1\"><span class=\"s1\">Alle Interviews wurden 2015 von Alexandra Nocke und Tobias Lindner in Deutschland und Israel gef\u00fchrt.\u00a0<\/span><\/p>\n","protected":false},"excerpt":{"rendered":"<p>Eigens f\u00fcr die Ausstellung wurden in Deutschland und Israel 12 Video-Interviews mit Br\u00fcckenbauern gef\u00fchrt, die sich auf besondere Weise f\u00fcr die deutsch-israelischen Beziehungen eingesetzt haben. Sie sprechen verbindende und trennenden&#8230;<\/p>\n","protected":false},"author":1,"featured_media":0,"parent":0,"menu_order":25,"comment_status":"closed","ping_status":"closed","template":"","meta":{"_acf_changed":false,"footnotes":""},"class_list":["post-1317","page","type-page","status-publish","hentry","boxed-1000"],"acf":[],"_links":{"self":[{"href":"http:\/\/www.israelis-und-deutsche.de\/en\/wp-json\/wp\/v2\/pages\/1317","targetHints":{"allow":["GET"]}}],"collection":[{"href":"http:\/\/www.israelis-und-deutsche.de\/en\/wp-json\/wp\/v2\/pages"}],"about":[{"href":"http:\/\/www.israelis-und-deutsche.de\/en\/wp-json\/wp\/v2\/types\/page"}],"author":[{"embeddable":true,"href":"http:\/\/www.israelis-und-deutsche.de\/en\/wp-json\/wp\/v2\/users\/1"}],"replies":[{"embeddable":true,"href":"http:\/\/www.israelis-und-deutsche.de\/en\/wp-json\/wp\/v2\/comments?post=1317"}],"version-history":[{"count":4,"href":"http:\/\/www.israelis-und-deutsche.de\/en\/wp-json\/wp\/v2\/pages\/1317\/revisions"}],"predecessor-version":[{"id":1406,"href":"http:\/\/www.israelis-und-deutsche.de\/en\/wp-json\/wp\/v2\/pages\/1317\/revisions\/1406"}],"wp:attachment":[{"href":"http:\/\/www.israelis-und-deutsche.de\/en\/wp-json\/wp\/v2\/media?parent=1317"}],"curies":[{"name":"wp","href":"https:\/\/api.w.org\/{rel}","templated":true}]}}